{"id":8,"date":"2014-10-09T16:48:47","date_gmt":"2014-10-09T13:48:47","guid":{"rendered":"http:\/\/vesipiikkaus.fi\/fi\/?page_id=8"},"modified":"2025-03-19T15:33:51","modified_gmt":"2025-03-19T13:33:51","slug":"yhteystiedot","status":"publish","type":"page","link":"https:\/\/vesipiikkaus.fi\/fi\/yhteystiedot\/","title":{"rendered":"Yhteystiedot"},"content":{"rendered":"<h1>Yhteystiedot<\/h1>\n<ul class=\"palstoitus\"><li>\n<p><strong>Suomen Vesipiikkaus Oy<\/strong><br \/>\nPL210, 02101 Espoo<br \/>\nPuh. (09) 4124 1940<br \/>\nY-tunnus: 0977908-1<br \/>\n<a href=\"http:\/\/www.vesipiikkaus.fi\">www.vesipiikkaus.fi<\/a><\/p>\n<p><strong>Tuusula<br \/>\n<\/strong><strong>Toimitusjohtaja<\/strong><br \/>\nTimo Jaakkola<br \/>\npuh.0400-828 509<br \/>\n<a href=\"mailto:t&#105;&#109;o&#46;j&#97;ak&#107;ol&#97;&#64;v&#101;s&#105;pi&#105;k&#107;&#97;u&#115;&#46;&#102;&#105;\">t&#105;&#109;o&#46;j&#97;ak&#107;ol&#97;&#64;v&#101;s&#105;pi&#105;k&#107;&#97;u&#115;&#46;&#102;&#105;<\/a><\/p>\n<p><strong>EHSQ<\/strong><br \/>\nMika Kekkonen<br \/>\npuh.0400-499 499<br \/>\n<a href=\"mailto:&#109;&#105;ka&#46;k&#101;&#107;k&#111;&#110;en&#64;&#118;&#101;&#115;ipii&#107;&#107;&#97;&#117;&#115;&#46;&#102;i\">&#109;&#105;ka&#46;k&#101;&#107;k&#111;&#110;en&#64;&#118;&#101;&#115;ipii&#107;&#107;&#97;&#117;&#115;&#46;&#102;i<\/a><\/p>\n<p><strong>Kouvola<br \/>\n<\/strong><strong>Ty\u00f6njohtaja, teollisuus<\/strong><br \/>\nMarkus Laakkio<br \/>\npuh. 050-477 5409<br \/>\n<a href=\"mailto:m&#97;&#114;&#107;&#117;&#115;&#46;&#108;a&#97;&#107;&#107;i&#111;&#64;ve&#115;&#105;&#112;&#105;ik&#107;&#97;us.fi\">m&#97;&#114;&#107;&#117;&#115;&#46;&#108;a&#97;&#107;&#107;i&#111;&#64;ve&#115;&#105;&#112;&#105;ik&#107;&#97;us.fi<\/a><\/p>\n<p><strong>Laskutusosoitteet<\/strong><br \/>\nVerkkolaskut<br \/>\nOVT-tunnus:<br \/>\n003709779081<br \/>\nOperaattori:<br \/>\nApix Messaging Oy (003723327487)<\/p>\n<p>Paperilaskut<br \/>\n<a href=\"mailto:i&#110;v&#111;&#105;ce&#64;&#118;&#101;&#115;&#105;pii&#107;ka&#117;s&#46;&#102;i\">i&#110;v&#111;&#105;ce&#64;&#118;&#101;&#115;&#105;pii&#107;ka&#117;s&#46;&#102;i<\/a><\/p>\n<p><strong>Tarjouspyynn\u00f6t<\/strong><br \/>\n<a href=\"mailto:&#101;&#116;u&#110;&#105;&#109;i.su&#107;&#117;&#110;i&#109;&#105;&#64;&#118;&#101;si&#112;&#105;&#105;&#107;&#107;&#97;us&#46;f&#105;\">&#101;&#116;u&#110;&#105;&#109;i.su&#107;&#117;&#110;i&#109;&#105;&#64;&#118;&#101;si&#112;&#105;&#105;&#107;&#107;&#97;us&#46;f&#105;<\/a><br \/>\n<\/li><li>\n<p><strong>Rekry<br \/>\n<\/strong>J\u00e4t\u00e4 vapaamuotoinen hakemus <a href=\"mailto:rek&#114;&#121;&#64;&#118;&#101;&#115;&#105;&#112;ii&#107;kaus&#46;&#102;&#105;\">rek&#114;&#121;&#64;&#118;&#101;&#115;&#105;&#112;ii&#107;kaus&#46;&#102;&#105;<\/a><strong><br \/>\n<\/strong>Lis\u00e4tietoja Timo Jaakkola<br \/>\npuh.0400-828 509<\/p>\n<p><strong>\u00a0<\/strong>\u00a0 \u00a0 <img loading=\"lazy\" decoding=\"async\" class=\"wp-image-462  alignleft\" src=\"https:\/\/vesipiikkaus.fi\/fi\/wp-content\/uploads\/STANDING_BLACK_1080x952-522x460.png\" alt=\"\" width=\"208\" height=\"183\" srcset=\"https:\/\/vesipiikkaus.fi\/fi\/wp-content\/uploads\/STANDING_BLACK_1080x952-522x460.png 522w, https:\/\/vesipiikkaus.fi\/fi\/wp-content\/uploads\/STANDING_BLACK_1080x952-768x677.png 768w, https:\/\/vesipiikkaus.fi\/fi\/wp-content\/uploads\/STANDING_BLACK_1080x952.png 1080w\" sizes=\"auto, (max-width: 208px) 100vw, 208px\" \/><\/p>\n<p><img loading=\"lazy\" decoding=\"async\" class=\"wp-image-250 aligncenter\" src=\"https:\/\/vesipiikkaus.fi\/fi\/wp-content\/uploads\/RALA_patevyys_RGB-100x65.png\" alt=\"\" width=\"159\" height=\"103\" \/><\/p>\n<p><img loading=\"lazy\" decoding=\"async\" class=\"wp-image-463  aligncenter\" src=\"https:\/\/vesipiikkaus.fi\/fi\/wp-content\/uploads\/luotettava_kumppani_logo_792x393-620x308.png\" alt=\"\" width=\"158\" height=\"79\" srcset=\"https:\/\/vesipiikkaus.fi\/fi\/wp-content\/uploads\/luotettava_kumppani_logo_792x393-620x308.png 620w, https:\/\/vesipiikkaus.fi\/fi\/wp-content\/uploads\/luotettava_kumppani_logo_792x393-768x381.png 768w, https:\/\/vesipiikkaus.fi\/fi\/wp-content\/uploads\/luotettava_kumppani_logo_792x393.png 792w\" sizes=\"auto, (max-width: 158px) 100vw, 158px\" \/><\/p>\n<\/li><\/ul>\n","protected":false},"excerpt":{"rendered":"<p>Yhteystiedot Suomen Vesipiikkaus Oy PL210, 02101 Espoo Puh. (09) 4124 1940 Y-tunnus: 0977908-1 www.vesipiikkaus.fi Tuusula Toimitusjohtaja Timo Jaakkola puh.0400-828 509 timo&#46;&#106;aa&#107;ko&#108;a&#64;v&#101;si&#112;i&#105;k&#107;&#97;u&#115;&#46;&#102;i EHSQ Mika Kekkonen puh.0400-499 499 m&#105;&#107;&#97;.ke&#107;&#107;&#111;n&#101;&#110;&#64;&#118;&#101;s&#105;&#112;i&#105;&#107;ka&#117;s&#46;&#102;i Kouvola Ty\u00f6njohtaja, teollisuus Markus Laakkio puh. 050-477 5409 &#109;ark&#117;&#115;&#46;l&#97;a&#107;k&#105;o&#64;ves&#105;p&#105;&#105;k&#107;&#97;&#117;&#115;&#46;f&#105; Laskutusosoitteet Verkkolaskut OVT-tunnus: 003709779081 Operaattori: Apix Messaging Oy (003723327487) Paperilaskut &#105;n&#118;&#111;&#105;&#99;e&#64;v&#101;&#115;ipiikkau&#115;.f&#105; Tarjouspyynn\u00f6t et&#117;&#110;i&#109;&#105;.su&#107;u&#110;&#105;&#109;i&#64;&#118;e&#115;&#105;p&#105;&#105;k&#107;&#97;us&#46;&#102;&#105; Rekry J\u00e4t\u00e4 vapaamuotoinen hakemus &#114;e&#107;ry&#64;v&#101;sip&#105;&#105;&#107;&#107;&#97;u&#115;&#46;fi Lis\u00e4tietoja &hellip; <a href=\"https:\/\/vesipiikkaus.fi\/fi\/yhteystiedot\/\" class=\"more-link\">Jatka lukemista <span class=\"screen-reader-text\">Yhteystiedot<\/span> <span class=\"meta-nav\">&rarr;<\/span><\/a><\/p>\n","protected":false},"author":1,"featured_media":0,"parent":0,"menu_order":99,"comment_status":"closed","ping_status":"closed","template":"","meta":{"_monsterinsights_skip_tracking":false,"_monsterinsights_sitenote_active":false,"_monsterinsights_sitenote_note":"","_monsterinsights_sitenote_category":0,"footnotes":""},"class_list":["post-8","page","type-page","status-publish","hentry"],"aioseo_notices":[],"_links":{"self":[{"href":"https:\/\/vesipiikkaus.fi\/fi\/wp-json\/wp\/v2\/pages\/8","targetHints":{"allow":["GET"]}}],"collection":[{"href":"https:\/\/vesipiikkaus.fi\/fi\/wp-json\/wp\/v2\/pages"}],"about":[{"href":"https:\/\/vesipiikkaus.fi\/fi\/wp-json\/wp\/v2\/types\/page"}],"author":[{"embeddable":true,"href":"https:\/\/vesipiikkaus.fi\/fi\/wp-json\/wp\/v2\/users\/1"}],"replies":[{"embeddable":true,"href":"https:\/\/vesipiikkaus.fi\/fi\/wp-json\/wp\/v2\/comments?post=8"}],"version-history":[{"count":37,"href":"https:\/\/vesipiikkaus.fi\/fi\/wp-json\/wp\/v2\/pages\/8\/revisions"}],"predecessor-version":[{"id":468,"href":"https:\/\/vesipiikkaus.fi\/fi\/wp-json\/wp\/v2\/pages\/8\/revisions\/468"}],"wp:attachment":[{"href":"https:\/\/vesipiikkaus.fi\/fi\/wp-json\/wp\/v2\/media?parent=8"}],"curies":[{"name":"wp","href":"https:\/\/api.w.org\/{rel}","templated":true}]}}