{"id":74,"date":"2014-10-13T12:05:20","date_gmt":"2014-10-13T09:05:20","guid":{"rendered":"http:\/\/vesipiikkaus.fi\/fi\/?page_id=74"},"modified":"2014-12-19T10:14:12","modified_gmt":"2014-12-19T08:14:12","slug":"vesileikkaus","status":"publish","type":"page","link":"https:\/\/vesipiikkaus.fi\/fi\/menetelmat\/vesileikkaus\/","title":{"rendered":"Vesileikkaus"},"content":{"rendered":"<div class=\"tekstipalsta\">\n<h1>Vesileikkaus<\/h1>\n<h3>Kipin\u00f6im\u00e4tt\u00f6m\u00e4\u00e4n katkaisuun<\/h3>\n<p>Vesileikkaus on erikoismenetelm\u00e4 rakenteiden katkaisuihin ja aukkojen tekoon. Vesileikkauksen teho perustuu korkeapaineisen veden ja hiovan aineen eli abrasiivin yhteisvaikutukseen.<\/p>\n<p>Vesileikkauksessa ei synny kipin\u00f6inti\u00e4 eik\u00e4 l\u00e4mp\u00f6tilamuodonmuutoksia, joten menetelm\u00e4 sopii palovaarallisiin paikkoihin. Vesileikkauksella voidaan leikata l\u00e4hes kaikkia materiaaleja, mm. ter\u00e4st\u00e4 ja ter\u00e4sbetonia.<\/p>\n<p>Suomen Vesipiikkaus Oy:ll\u00e4 on mobiili vesileikkauskalusto.<\/p>\n<\/div>\n\n\t\t<div id='gallery-1' class='gallery galleryid-74 gallery-columns-1 gallery-size-'><div class='gallery-item'>\n            <a data-lightbox=\"galleria1\" data-title=\"\" href=\"https:\/\/vesipiikkaus.fi\/fi\/wp-content\/uploads\/www-7.vesipiikkaus.fi_.jpg\"><div class=\"gallery-icon\">\n               <img decoding=\"async\" src=\"https:\/\/vesipiikkaus.fi\/fi\/wp-content\/uploads\/www-7.vesipiikkaus.fi_-100x65.jpg\"  \/>\n            <\/div><\/div><\/a><br style=\"clear: both\" \/><div class='gallery-item'>\n            <a data-lightbox=\"galleria1\" data-title=\"\" href=\"https:\/\/vesipiikkaus.fi\/fi\/wp-content\/uploads\/Vesileikattu-putki.jpg\"><div class=\"gallery-icon\">\n               <img decoding=\"async\" src=\"https:\/\/vesipiikkaus.fi\/fi\/wp-content\/uploads\/Vesileikattu-putki-100x65.jpg\"  \/>\n            <\/div><\/div><\/a><br style=\"clear: both\" \/><div class='gallery-item'>\n            <a data-lightbox=\"galleria1\" data-title=\"\" href=\"https:\/\/vesipiikkaus.fi\/fi\/wp-content\/uploads\/432.jpg\"><div class=\"gallery-icon\">\n               <img decoding=\"async\" src=\"https:\/\/vesipiikkaus.fi\/fi\/wp-content\/uploads\/432-100x65.jpg\"  \/>\n            <\/div><\/div><\/a><br style=\"clear: both\" \/><div class='gallery-item'>\n            <a data-lightbox=\"galleria1\" data-title=\"\" href=\"https:\/\/vesipiikkaus.fi\/fi\/wp-content\/uploads\/445.jpg\"><div class=\"gallery-icon\">\n               <img decoding=\"async\" src=\"https:\/\/vesipiikkaus.fi\/fi\/wp-content\/uploads\/445-100x65.jpg\"  \/>\n            <\/div><\/div><\/a><br style=\"clear: both\" \/><\/div>\n\n","protected":false},"excerpt":{"rendered":"<p>Vesileikkaus Kipin\u00f6im\u00e4tt\u00f6m\u00e4\u00e4n katkaisuun Vesileikkaus on erikoismenetelm\u00e4 rakenteiden katkaisuihin ja aukkojen tekoon. Vesileikkauksen teho perustuu korkeapaineisen veden ja hiovan aineen eli abrasiivin yhteisvaikutukseen. Vesileikkauksessa ei synny kipin\u00f6inti\u00e4 eik\u00e4 l\u00e4mp\u00f6tilamuodonmuutoksia, joten menetelm\u00e4 sopii palovaarallisiin paikkoihin. Vesileikkauksella voidaan leikata l\u00e4hes kaikkia materiaaleja, mm. ter\u00e4st\u00e4 ja ter\u00e4sbetonia. Suomen Vesipiikkaus Oy:ll\u00e4 on mobiili vesileikkauskalusto.<\/p>\n","protected":false},"author":1,"featured_media":0,"parent":110,"menu_order":4,"comment_status":"closed","ping_status":"closed","template":"","meta":{"_monsterinsights_skip_tracking":false,"_monsterinsights_sitenote_active":false,"_monsterinsights_sitenote_note":"","_monsterinsights_sitenote_category":0,"footnotes":""},"class_list":["post-74","page","type-page","status-publish","hentry"],"aioseo_notices":[],"_links":{"self":[{"href":"https:\/\/vesipiikkaus.fi\/fi\/wp-json\/wp\/v2\/pages\/74","targetHints":{"allow":["GET"]}}],"collection":[{"href":"https:\/\/vesipiikkaus.fi\/fi\/wp-json\/wp\/v2\/pages"}],"about":[{"href":"https:\/\/vesipiikkaus.fi\/fi\/wp-json\/wp\/v2\/types\/page"}],"author":[{"embeddable":true,"href":"https:\/\/vesipiikkaus.fi\/fi\/wp-json\/wp\/v2\/users\/1"}],"replies":[{"embeddable":true,"href":"https:\/\/vesipiikkaus.fi\/fi\/wp-json\/wp\/v2\/comments?post=74"}],"version-history":[{"count":8,"href":"https:\/\/vesipiikkaus.fi\/fi\/wp-json\/wp\/v2\/pages\/74\/revisions"}],"predecessor-version":[{"id":232,"href":"https:\/\/vesipiikkaus.fi\/fi\/wp-json\/wp\/v2\/pages\/74\/revisions\/232"}],"up":[{"embeddable":true,"href":"https:\/\/vesipiikkaus.fi\/fi\/wp-json\/wp\/v2\/pages\/110"}],"wp:attachment":[{"href":"https:\/\/vesipiikkaus.fi\/fi\/wp-json\/wp\/v2\/media?parent=74"}],"curies":[{"name":"wp","href":"https:\/\/api.w.org\/{rel}","templated":true}]}}