{"id":112,"date":"2014-10-13T13:49:32","date_gmt":"2014-10-13T10:49:32","guid":{"rendered":"http:\/\/vesipiikkaus.fi\/fi\/?page_id=112"},"modified":"2014-12-02T09:22:13","modified_gmt":"2014-12-02T07:22:13","slug":"imurointi","status":"publish","type":"page","link":"https:\/\/vesipiikkaus.fi\/fi\/menetelmat\/imurointi\/","title":{"rendered":"Imurointi"},"content":{"rendered":"<div class=\"tekstipalsta\">\n<h1>Imurointi<\/h1>\n<p>Suurtehoimurointi soveltuu kuivalle ja m\u00e4r\u00e4lle materiaaleille.<\/p>\n<ul>\n<li>alapohja<\/li>\n<li>yl\u00e4pohja<\/li>\n<li>homesaneeraukset<\/li>\n<\/ul>\n<p>Paine-imuyhdistelm\u00e4 soveltuu<\/p>\n<ul>\n<li>kaivojen tyhjennykseen ja pesuun<\/li>\n<li>m\u00e4rk\u00e4imuun<\/li>\n<\/ul>\n<\/div>\n\n\t\t<div id='gallery-1' class='gallery galleryid-112 gallery-columns-1 gallery-size-'><div class='gallery-item'>\n            <a data-lightbox=\"galleria1\" data-title=\"\" href=\"https:\/\/vesipiikkaus.fi\/fi\/wp-content\/uploads\/WP_20140924_001.jpg\"><div class=\"gallery-icon\">\n               <img decoding=\"async\" src=\"https:\/\/vesipiikkaus.fi\/fi\/wp-content\/uploads\/WP_20140924_001-100x65.jpg\"  \/>\n            <\/div><\/div><\/a><br style=\"clear: both\" \/><\/div>\n\n","protected":false},"excerpt":{"rendered":"<p>Imurointi Suurtehoimurointi soveltuu kuivalle ja m\u00e4r\u00e4lle materiaaleille. alapohja yl\u00e4pohja homesaneeraukset Paine-imuyhdistelm\u00e4 soveltuu kaivojen tyhjennykseen ja pesuun m\u00e4rk\u00e4imuun<\/p>\n","protected":false},"author":1,"featured_media":0,"parent":110,"menu_order":6,"comment_status":"closed","ping_status":"closed","template":"","meta":{"_monsterinsights_skip_tracking":false,"_monsterinsights_sitenote_active":false,"_monsterinsights_sitenote_note":"","_monsterinsights_sitenote_category":0,"footnotes":""},"class_list":["post-112","page","type-page","status-publish","hentry"],"aioseo_notices":[],"_links":{"self":[{"href":"https:\/\/vesipiikkaus.fi\/fi\/wp-json\/wp\/v2\/pages\/112","targetHints":{"allow":["GET"]}}],"collection":[{"href":"https:\/\/vesipiikkaus.fi\/fi\/wp-json\/wp\/v2\/pages"}],"about":[{"href":"https:\/\/vesipiikkaus.fi\/fi\/wp-json\/wp\/v2\/types\/page"}],"author":[{"embeddable":true,"href":"https:\/\/vesipiikkaus.fi\/fi\/wp-json\/wp\/v2\/users\/1"}],"replies":[{"embeddable":true,"href":"https:\/\/vesipiikkaus.fi\/fi\/wp-json\/wp\/v2\/comments?post=112"}],"version-history":[{"count":6,"href":"https:\/\/vesipiikkaus.fi\/fi\/wp-json\/wp\/v2\/pages\/112\/revisions"}],"predecessor-version":[{"id":169,"href":"https:\/\/vesipiikkaus.fi\/fi\/wp-json\/wp\/v2\/pages\/112\/revisions\/169"}],"up":[{"embeddable":true,"href":"https:\/\/vesipiikkaus.fi\/fi\/wp-json\/wp\/v2\/pages\/110"}],"wp:attachment":[{"href":"https:\/\/vesipiikkaus.fi\/fi\/wp-json\/wp\/v2\/media?parent=112"}],"curies":[{"name":"wp","href":"https:\/\/api.w.org\/{rel}","templated":true}]}}