{"id":110,"date":"2014-10-13T13:47:48","date_gmt":"2014-10-13T10:47:48","guid":{"rendered":"http:\/\/vesipiikkaus.fi\/fi\/?page_id=110"},"modified":"2014-11-04T09:14:51","modified_gmt":"2014-11-04T07:14:51","slug":"menetelmat","status":"publish","type":"page","link":"https:\/\/vesipiikkaus.fi\/fi\/menetelmat\/","title":{"rendered":"Menetelm\u00e4t"},"content":{"rendered":"<h1><span class=\"author-dI58SVl6gjGh\">Menetelm\u00e4t<\/span><\/h1>\n<ul>\n<li><a title=\"Vesipiikkaus\" href=\"vesipiikkaus\">Vesipiikkaus<\/a><\/li>\n<li><a title=\"Korkeapainepesu\" href=\"korkeapainepesu\">Korkeapainepesu<\/a><\/li>\n<li><a title=\"Vesileikkaus\" href=\"vesileikkaus\">Vesileikkaus<\/a><\/li>\n<li><a title=\"Imurointi\" href=\"imurointi\">Imurointi<\/a><\/li>\n<li>Kuivaj\u00e4\u00e4puhallus<\/li>\n<li>M\u00e4rk\u00e4hiekkapuhallus<\/li>\n<\/ul>\n","protected":false},"excerpt":{"rendered":"<p>Menetelm\u00e4t Vesipiikkaus Korkeapainepesu Vesileikkaus Imurointi Kuivaj\u00e4\u00e4puhallus M\u00e4rk\u00e4hiekkapuhallus<\/p>\n","protected":false},"author":1,"featured_media":0,"parent":0,"menu_order":4,"comment_status":"closed","ping_status":"closed","template":"","meta":{"_monsterinsights_skip_tracking":false,"_monsterinsights_sitenote_active":false,"_monsterinsights_sitenote_note":"","_monsterinsights_sitenote_category":0,"footnotes":""},"class_list":["post-110","page","type-page","status-publish","hentry"],"aioseo_notices":[],"_links":{"self":[{"href":"https:\/\/vesipiikkaus.fi\/fi\/wp-json\/wp\/v2\/pages\/110","targetHints":{"allow":["GET"]}}],"collection":[{"href":"https:\/\/vesipiikkaus.fi\/fi\/wp-json\/wp\/v2\/pages"}],"about":[{"href":"https:\/\/vesipiikkaus.fi\/fi\/wp-json\/wp\/v2\/types\/page"}],"author":[{"embeddable":true,"href":"https:\/\/vesipiikkaus.fi\/fi\/wp-json\/wp\/v2\/users\/1"}],"replies":[{"embeddable":true,"href":"https:\/\/vesipiikkaus.fi\/fi\/wp-json\/wp\/v2\/comments?post=110"}],"version-history":[{"count":6,"href":"https:\/\/vesipiikkaus.fi\/fi\/wp-json\/wp\/v2\/pages\/110\/revisions"}],"predecessor-version":[{"id":137,"href":"https:\/\/vesipiikkaus.fi\/fi\/wp-json\/wp\/v2\/pages\/110\/revisions\/137"}],"wp:attachment":[{"href":"https:\/\/vesipiikkaus.fi\/fi\/wp-json\/wp\/v2\/media?parent=110"}],"curies":[{"name":"wp","href":"https:\/\/api.w.org\/{rel}","templated":true}]}}