{"id":108,"date":"2014-10-13T13:46:59","date_gmt":"2014-10-13T10:46:59","guid":{"rendered":"http:\/\/vesipiikkaus.fi\/fi\/?page_id=108"},"modified":"2015-03-04T11:39:50","modified_gmt":"2015-03-04T09:39:50","slug":"palvelut-teollisuuteen","status":"publish","type":"page","link":"https:\/\/vesipiikkaus.fi\/fi\/palvelut-teollisuuteen\/","title":{"rendered":"Teollisuuden palvelut"},"content":{"rendered":"<div class=\"tekstipalsta\">\n<h1>Teollisuuden palvelut<\/h1>\n<h3>Vesipiikkaus<\/h3>\n<ul>\n<li>kattilamuurausten poistot<\/li>\n<\/ul>\n<p><a title=\"Vesipiikkaus\" href=\"https:\/\/vesipiikkaus.fi\/fi\/menetelmat\/vesipiikkaus\/\">Lue lis\u00e4\u00e4 vesipiikkauksesta<\/a><\/p>\n<h3>Korkeapainepesu<\/h3>\n<ul>\n<li>putkistojen pesut<\/li>\n<li>s\u00e4ili\u00f6iden pesut<\/li>\n<li>kattiloiden pesut<\/li>\n<li>l\u00e4mm\u00f6nvaihtimet<\/li>\n<li>kumioinnin poistot<\/li>\n<\/ul>\n<p><a title=\"Korkeapainepesu\" href=\"https:\/\/vesipiikkaus.fi\/fi\/menetelmat\/korkeapainepesu\/\">Lue lis\u00e4\u00e4 korkeapainepesusta<\/a><\/p>\n<h3>Vesileikkaus<\/h3>\n<ul>\n<li>putkien ja aukkojen kipin\u00f6im\u00e4t\u00f6n leikkaus<\/li>\n<\/ul>\n<p><a title=\"Vesileikkaus\" href=\"https:\/\/vesipiikkaus.fi\/fi\/menetelmat\/vesileikkaus\/\">Lue lis\u00e4\u00e4 vesileikkauksesta<\/a><\/p>\n<h3>Imurointi<\/h3>\n<ul>\n<li>suurtehoimurointi<\/li>\n<li>viem\u00e4reiden pesut ja kuvaukset<\/li>\n<li>m\u00e4rk\u00e4imurointi<\/li>\n<\/ul>\n<p><a title=\"Imurointi\" href=\"https:\/\/vesipiikkaus.fi\/fi\/menetelmat\/imurointi\/\">Lue lis\u00e4\u00e4 imuroinnista<\/a><\/p>\n<p>Yhteisty\u00f6yritystemme kanssa kauttamme saa my\u00f6s mekaanisia kunnossapitopalveluja.<\/p>\n<\/div>\n<p>&nbsp;<\/p>\n\n\t\t<div id='gallery-1' class='gallery galleryid-108 gallery-columns-1 gallery-size-'><div class='gallery-item'>\n            <a data-lightbox=\"galleria1\" data-title=\"\" href=\"https:\/\/vesipiikkaus.fi\/fi\/wp-content\/uploads\/WP_20140425_001.jpg\"><div class=\"gallery-icon\">\n               <img decoding=\"async\" src=\"https:\/\/vesipiikkaus.fi\/fi\/wp-content\/uploads\/WP_20140425_001-100x65.jpg\"  \/>\n            <\/div><\/div><\/a><br style=\"clear: both\" \/><div class='gallery-item'>\n            <a data-lightbox=\"galleria1\" data-title=\"\" href=\"https:\/\/vesipiikkaus.fi\/fi\/wp-content\/uploads\/P7243364.jpg\"><div class=\"gallery-icon\">\n               <img decoding=\"async\" src=\"https:\/\/vesipiikkaus.fi\/fi\/wp-content\/uploads\/P7243364-100x65.jpg\"  \/>\n            <\/div><\/div><\/a><br style=\"clear: both\" \/><\/div>\n\n","protected":false},"excerpt":{"rendered":"<p>Teollisuuden palvelut Vesipiikkaus kattilamuurausten poistot Lue lis\u00e4\u00e4 vesipiikkauksesta Korkeapainepesu putkistojen pesut s\u00e4ili\u00f6iden pesut kattiloiden pesut l\u00e4mm\u00f6nvaihtimet kumioinnin poistot Lue lis\u00e4\u00e4 korkeapainepesusta Vesileikkaus putkien ja aukkojen kipin\u00f6im\u00e4t\u00f6n leikkaus Lue lis\u00e4\u00e4 vesileikkauksesta Imurointi suurtehoimurointi viem\u00e4reiden pesut ja kuvaukset m\u00e4rk\u00e4imurointi Lue lis\u00e4\u00e4 imuroinnista Yhteisty\u00f6yritystemme kanssa kauttamme saa my\u00f6s mekaanisia kunnossapitopalveluja. &nbsp;<\/p>\n","protected":false},"author":1,"featured_media":0,"parent":0,"menu_order":3,"comment_status":"closed","ping_status":"closed","template":"","meta":{"_monsterinsights_skip_tracking":false,"_monsterinsights_sitenote_active":false,"_monsterinsights_sitenote_note":"","_monsterinsights_sitenote_category":0,"footnotes":""},"class_list":["post-108","page","type-page","status-publish","hentry"],"aioseo_notices":[],"_links":{"self":[{"href":"https:\/\/vesipiikkaus.fi\/fi\/wp-json\/wp\/v2\/pages\/108","targetHints":{"allow":["GET"]}}],"collection":[{"href":"https:\/\/vesipiikkaus.fi\/fi\/wp-json\/wp\/v2\/pages"}],"about":[{"href":"https:\/\/vesipiikkaus.fi\/fi\/wp-json\/wp\/v2\/types\/page"}],"author":[{"embeddable":true,"href":"https:\/\/vesipiikkaus.fi\/fi\/wp-json\/wp\/v2\/users\/1"}],"replies":[{"embeddable":true,"href":"https:\/\/vesipiikkaus.fi\/fi\/wp-json\/wp\/v2\/comments?post=108"}],"version-history":[{"count":7,"href":"https:\/\/vesipiikkaus.fi\/fi\/wp-json\/wp\/v2\/pages\/108\/revisions"}],"predecessor-version":[{"id":299,"href":"https:\/\/vesipiikkaus.fi\/fi\/wp-json\/wp\/v2\/pages\/108\/revisions\/299"}],"wp:attachment":[{"href":"https:\/\/vesipiikkaus.fi\/fi\/wp-json\/wp\/v2\/media?parent=108"}],"curies":[{"name":"wp","href":"https:\/\/api.w.org\/{rel}","templated":true}]}}