{"id":106,"date":"2014-10-13T13:46:07","date_gmt":"2014-10-13T10:46:07","guid":{"rendered":"http:\/\/vesipiikkaus.fi\/fi\/?page_id=106"},"modified":"2015-03-04T11:39:04","modified_gmt":"2015-03-04T09:39:04","slug":"palvelut-rakentamiseen","status":"publish","type":"page","link":"https:\/\/vesipiikkaus.fi\/fi\/palvelut-rakentamiseen\/","title":{"rendered":"Rakentamisen palvelut"},"content":{"rendered":"<div class=\"tekstipalsta\">\n<h1><span class=\"author-dI58SVl6gjGh\">Rakentamisen palvelut <\/span><\/h1>\n<h3>Vesipiikkaus<\/h3>\n<p>Vesipiikkausta k\u00e4ytt\u00e4m\u00e4ll\u00e4 saadaan betonirakenteita purettua ter\u00e4ksi\u00e4 vahingoittamatta, saadaan hyv\u00e4 tartuntapinta uudelle valulle tai ruiskubetonoinnille.<\/p>\n<p><a title=\"Vesipiikkaus\" href=\"https:\/\/vesipiikkaus.fi\/fi\/menetelmat\/vesipiikkaus\/\">Lue lis\u00e4\u00e4 vesipiikkauksesta<\/a>.<\/p>\n<h3>Korkeapainepesu<\/h3>\n<p>Korkeapainepesu soveltuu pinnoitteiden ja maalien poistoon, bitumin poistoon vedeneristyst\u00e4 uusittaessa tai rakenteiden puhdistamiseen.<\/p>\n<p><a title=\"Korkeapainepesu\" href=\"https:\/\/vesipiikkaus.fi\/fi\/menetelmat\/korkeapainepesu\/\">Lue lis\u00e4\u00e4 korkeapainepesusta<\/a><\/p>\n<\/div>\n\n\t\t<div id='gallery-1' class='gallery galleryid-106 gallery-columns-1 gallery-size-'><div class='gallery-item'>\n            <a data-lightbox=\"galleria1\" data-title=\"\" href=\"https:\/\/vesipiikkaus.fi\/fi\/wp-content\/uploads\/WP_20130708_002.jpg\"><div class=\"gallery-icon\">\n               <img decoding=\"async\" src=\"https:\/\/vesipiikkaus.fi\/fi\/wp-content\/uploads\/WP_20130708_002-100x65.jpg\"  \/>\n            <\/div><\/div><\/a><br style=\"clear: both\" \/><div class='gallery-item'>\n            <a data-lightbox=\"galleria1\" data-title=\"\" href=\"https:\/\/vesipiikkaus.fi\/fi\/wp-content\/uploads\/WP_20140919_003.jpg\"><div class=\"gallery-icon\">\n               <img decoding=\"async\" src=\"https:\/\/vesipiikkaus.fi\/fi\/wp-content\/uploads\/WP_20140919_003-100x65.jpg\"  \/>\n            <\/div><\/div><\/a><br style=\"clear: both\" \/><\/div>\n\n","protected":false},"excerpt":{"rendered":"<p>Rakentamisen palvelut Vesipiikkaus Vesipiikkausta k\u00e4ytt\u00e4m\u00e4ll\u00e4 saadaan betonirakenteita purettua ter\u00e4ksi\u00e4 vahingoittamatta, saadaan hyv\u00e4 tartuntapinta uudelle valulle tai ruiskubetonoinnille. Lue lis\u00e4\u00e4 vesipiikkauksesta. Korkeapainepesu Korkeapainepesu soveltuu pinnoitteiden ja maalien poistoon, bitumin poistoon vedeneristyst\u00e4 uusittaessa tai rakenteiden puhdistamiseen. Lue lis\u00e4\u00e4 korkeapainepesusta<\/p>\n","protected":false},"author":1,"featured_media":0,"parent":0,"menu_order":2,"comment_status":"closed","ping_status":"closed","template":"","meta":{"_monsterinsights_skip_tracking":false,"_monsterinsights_sitenote_active":false,"_monsterinsights_sitenote_note":"","_monsterinsights_sitenote_category":0,"footnotes":""},"class_list":["post-106","page","type-page","status-publish","hentry"],"aioseo_notices":[],"_links":{"self":[{"href":"https:\/\/vesipiikkaus.fi\/fi\/wp-json\/wp\/v2\/pages\/106","targetHints":{"allow":["GET"]}}],"collection":[{"href":"https:\/\/vesipiikkaus.fi\/fi\/wp-json\/wp\/v2\/pages"}],"about":[{"href":"https:\/\/vesipiikkaus.fi\/fi\/wp-json\/wp\/v2\/types\/page"}],"author":[{"embeddable":true,"href":"https:\/\/vesipiikkaus.fi\/fi\/wp-json\/wp\/v2\/users\/1"}],"replies":[{"embeddable":true,"href":"https:\/\/vesipiikkaus.fi\/fi\/wp-json\/wp\/v2\/comments?post=106"}],"version-history":[{"count":8,"href":"https:\/\/vesipiikkaus.fi\/fi\/wp-json\/wp\/v2\/pages\/106\/revisions"}],"predecessor-version":[{"id":245,"href":"https:\/\/vesipiikkaus.fi\/fi\/wp-json\/wp\/v2\/pages\/106\/revisions\/245"}],"wp:attachment":[{"href":"https:\/\/vesipiikkaus.fi\/fi\/wp-json\/wp\/v2\/media?parent=106"}],"curies":[{"name":"wp","href":"https:\/\/api.w.org\/{rel}","templated":true}]}}